{"id":23,"date":"2009-08-24T17:31:41","date_gmt":"2009-08-24T15:31:41","guid":{"rendered":"http:\/\/www.appartement-lindenmuth.de\/?page_id=23"},"modified":"2023-11-14T18:09:27","modified_gmt":"2023-11-14T16:09:27","slug":"uber-uns","status":"publish","type":"page","link":"https:\/\/www.appartements-eberbach.de\/","title":{"rendered":"Willkommen"},"content":{"rendered":"<p>EBERBACH<br \/>\nVier\u00a0 komplett eingerichtete Appartements mit gro\u00dfer Gemeinschaftsterrasse laden zum Wohnen und Wohlf\u00fchlen ein.<br \/>\nMitten in der Eberbacher Innenstadt, nur wenige Meter entfernt von Bahnhof, Gastronomie und Gesch\u00e4ften.<br \/>\nSuchen Sie ein individuell gestaltetes, geschmackvoll eingerichtetes Appartement?<br \/>\nIn den <strong>\u201eCity-Appartements-Eberbach\u201c<\/strong> finden Sie das passende Appartement f\u00fcr Ihre Art von Wohnen auf Zeit.<br \/>\nLeben, Arbeiten, Wohnen \u2013 testen Sie die moderne Alternative zum Hotelaufenthalt.<\/p>\n<div>\n<p>Wir freuen uns auf Ihren Besuch.<\/p>\n<p><img decoding=\"async\" class=\"ngg-singlepic ngg-none\" src=\"https:\/\/www.appartement-lindenmuth.de\/wp-content\/gallery\/chillen\/flur-app2_640_x_480.jpg\" alt=\"\" \/><\/p>\n<\/div>\n","protected":false},"excerpt":{"rendered":"<p>EBERBACH Vier\u00a0 komplett eingerichtete Appartements mit gro\u00dfer Gemeinschaftsterrasse laden zum Wohnen und Wohlf\u00fchlen ein. Mitten in der Eberbacher Innenstadt, nur wenige Meter entfernt von Bahnhof, Gastronomie und Gesch\u00e4ften. Suchen Sie ein individuell gestaltetes, geschmackvoll eingerichtetes Appartement? In den \u201eCity-Appartements-Eberbach\u201c finden Sie das passende Appartement f\u00fcr Ihre Art von Wohnen auf Zeit. Leben, Arbeiten, Wohnen \u2013 [&hellip;]<\/p>\n","protected":false},"author":1,"featured_media":0,"parent":0,"menu_order":0,"comment_status":"closed","ping_status":"closed","template":"","meta":{"ngg_post_thumbnail":0,"footnotes":""},"class_list":["post-23","page","type-page","status-publish","hentry"],"_links":{"self":[{"href":"https:\/\/www.appartements-eberbach.de\/index.php?rest_route=\/wp\/v2\/pages\/23","targetHints":{"allow":["GET"]}}],"collection":[{"href":"https:\/\/www.appartements-eberbach.de\/index.php?rest_route=\/wp\/v2\/pages"}],"about":[{"href":"https:\/\/www.appartements-eberbach.de\/index.php?rest_route=\/wp\/v2\/types\/page"}],"author":[{"embeddable":true,"href":"https:\/\/www.appartements-eberbach.de\/index.php?rest_route=\/wp\/v2\/users\/1"}],"replies":[{"embeddable":true,"href":"https:\/\/www.appartements-eberbach.de\/index.php?rest_route=%2Fwp%2Fv2%2Fcomments&post=23"}],"version-history":[{"count":86,"href":"https:\/\/www.appartements-eberbach.de\/index.php?rest_route=\/wp\/v2\/pages\/23\/revisions"}],"predecessor-version":[{"id":1102,"href":"https:\/\/www.appartements-eberbach.de\/index.php?rest_route=\/wp\/v2\/pages\/23\/revisions\/1102"}],"wp:attachment":[{"href":"https:\/\/www.appartements-eberbach.de\/index.php?rest_route=%2Fwp%2Fv2%2Fmedia&parent=23"}],"curies":[{"name":"wp","href":"https:\/\/api.w.org\/{rel}","templated":true}]}}