{"id":341,"date":"2009-09-17T09:53:37","date_gmt":"2009-09-17T07:53:37","guid":{"rendered":"http:\/\/www.appartement-lindenmuth.de\/?page_id=341"},"modified":"2016-06-17T10:39:29","modified_gmt":"2016-06-17T08:39:29","slug":"gastebuch","status":"publish","type":"page","link":"https:\/\/www.appartements-eberbach.de\/?page_id=341","title":{"rendered":"Meinungen, Lob und Tadel"},"content":{"rendered":"<p>10\/2014<br \/>\nO. V., 17 Jahre:<br \/>\nIch hatte nach einer Bleibe f\u00fcr mein dreiw\u00f6chiges Praktikum in Eberbach gesucht und fand diese in dem City Appartement Nr. 4 der Familie Lindenmuth. Dies Appartement war nicht nur eine Bleibe f\u00fcr die Zeit, sondern ein gem\u00fctliches Zuhause mit allen Dingen, die man so braucht. Ich habe mich sehr wohl gef\u00fchlt! Und Familie Lindenmuth hatte keine Vorbehalte, einem Jugendlichen das Appartement f\u00fcr drei Wochen zu \u00fcberlassen. Ich hoffe, ich kann irgendwann noch einmal wiederkommen.<\/p>\n<p><em>christiane und werner <\/em><br \/>\nAm 9. M\u00e4rz 2013 um 23:58 Uhr<br \/>\nWie zuhause \u2013 haben wir uns in dieser sch\u00f6nen und besonders geschmackvoll eingerichteten \u201cLocation\u201d in Eberbach gef\u00fchlt!<br \/>\nFamilie Lindenmuth hat alles daf\u00fcr getan, dass es an nichts fehlt.<br \/>\nEine Bereicherung f\u00fcr G\u00e4ste, die in Eberbach gut unterkommen wollen.<br \/>\nChristiane und Werner aus Berlin<\/p>\n<p>&nbsp;<\/p>\n<p><em>FS<\/em><br \/>\nAm 5. M\u00e4rz 2013 um 19:28 Uhr<br \/>\nIch fand es super gem\u00fctlich! Man hat alles direkt in der N\u00e4he (f\u00fcr schnelle Eink\u00e4ufe). Das Appartement war sehr sehr gepflegt! Es war eine wunderbare Zeit dort. Ich habe mich richtig wohl gef\u00fchlt. Mein erster Eindruck war:,, Wow richtig sch\u00f6n eingerichtet\u201d! Ich kann es wirklich nur weiter empfehlen! Super!<\/p>\n<p>&nbsp;<\/p>\n<p><em>S.T.<\/em><br \/>\nAm 11. Dezember 2011 um 18:58 Uhr<br \/>\nWas soll ich sagen\u2026 Besser konnte ich gar nicht wohnen!! Die Appartments sind ein Traum und wundersch\u00f6n individuell eingerichtet. Hier sieht man, dass die Inhaber die Appartements mit Liebe zum Detail ausgestattet haben. Sauber, gute Lage und ein netter Kontakt\u2026 \u2013 perfekt )) \u2013 und der Preis ist auch genial!!<br \/>\nGanz lieben Dank f\u00fcr die tolle Zeit\u2026 \u2013 ich komme wieder!!<\/p>\n<p>&nbsp;<\/p>\n<p><em>Gelita<\/em><br \/>\nAm 22. Juli 2011 um 12:09 Uhr<br \/>\nDie Appartments sind wirklich sehr sch\u00f6n geworden. Da kann man<br \/>\nsich wohlf\u00fchlen.<br \/>\nHerzlichen Gl\u00fcckw\u00fcnsch und viel Erfolg weiterhin.<\/p>\n<p>&nbsp;<\/p>\n<p><em>Suse<\/em><br \/>\nAm 22. Juli 2011 um 12:06 Uhr<br \/>\nHey, die neuen City-Appartements sehen weltklasse aus\u2026 \u2013 RESPEKT!!!!!<\/p>\n<p>&nbsp;<\/p>\n<p><em>Uli Becker<\/em><br \/>\nAm 4. Oktober 2009 um 10:41 Uhr<br \/>\nHallo Ihr Lieben.<br \/>\nVielen Dank f\u00fcr die wundersch\u00f6ne Zeit bei Euch in Rockenau.<br \/>\nDas Appartement ist echt der Knaller und das f\u00fcr den Preis. WOW.<br \/>\nAlles picko bello. Habe mich pudelwohl gef\u00fchlt bei Euch.<br \/>\nDer Service und Eure Freundlichkeit sind kaum zu \u00fcberbieten.<br \/>\nKomme bald nal wieder.<br \/>\nLG<br \/>\nUli<\/p>\n","protected":false},"excerpt":{"rendered":"<p>10\/2014 O. V., 17 Jahre: Ich hatte nach einer Bleibe f\u00fcr mein dreiw\u00f6chiges Praktikum in Eberbach gesucht und fand diese in dem City Appartement Nr. 4 der Familie Lindenmuth. Dies Appartement war nicht nur eine Bleibe f\u00fcr die Zeit, sondern ein gem\u00fctliches Zuhause mit allen Dingen, die man so braucht. Ich habe mich sehr wohl [&hellip;]<\/p>\n","protected":false},"author":1,"featured_media":0,"parent":0,"menu_order":20,"comment_status":"open","ping_status":"closed","template":"","meta":{"ngg_post_thumbnail":0,"footnotes":""},"class_list":["post-341","page","type-page","status-publish","hentry"],"_links":{"self":[{"href":"https:\/\/www.appartements-eberbach.de\/index.php?rest_route=\/wp\/v2\/pages\/341","targetHints":{"allow":["GET"]}}],"collection":[{"href":"https:\/\/www.appartements-eberbach.de\/index.php?rest_route=\/wp\/v2\/pages"}],"about":[{"href":"https:\/\/www.appartements-eberbach.de\/index.php?rest_route=\/wp\/v2\/types\/page"}],"author":[{"embeddable":true,"href":"https:\/\/www.appartements-eberbach.de\/index.php?rest_route=\/wp\/v2\/users\/1"}],"replies":[{"embeddable":true,"href":"https:\/\/www.appartements-eberbach.de\/index.php?rest_route=%2Fwp%2Fv2%2Fcomments&post=341"}],"version-history":[{"count":18,"href":"https:\/\/www.appartements-eberbach.de\/index.php?rest_route=\/wp\/v2\/pages\/341\/revisions"}],"predecessor-version":[{"id":819,"href":"https:\/\/www.appartements-eberbach.de\/index.php?rest_route=\/wp\/v2\/pages\/341\/revisions\/819"}],"wp:attachment":[{"href":"https:\/\/www.appartements-eberbach.de\/index.php?rest_route=%2Fwp%2Fv2%2Fmedia&parent=341"}],"curies":[{"name":"wp","href":"https:\/\/api.w.org\/{rel}","templated":true}]}}