{"id":381,"date":"2011-08-05T19:25:00","date_gmt":"2011-08-05T17:25:00","guid":{"rendered":"http:\/\/www.appartement-lindenmuth.de\/?page_id=381"},"modified":"2023-11-14T18:24:35","modified_gmt":"2023-11-14T16:24:35","slug":"unterseite-eberbach","status":"publish","type":"page","link":"https:\/\/www.appartements-eberbach.de\/?page_id=381","title":{"rendered":"Appartement 1 &#8211; belegt"},"content":{"rendered":"<p>Das Appartement 1 hat einen direkten Terrassenzugang sowie ein Badezimmer mit Dusche\/WC.<br \/>\nDie modern gestaltete Wohnk\u00fcche mit Mikrowelle, Sp\u00fclmaschine, Mini-Backofen etc. ist durch einen kleinen Flur vom Schlafraum getrennt.<br \/>\nDas Schlafzimmer ist m\u00f6bliert mit einem Kleiderschrank, einem bequemen Boxspringbett sowie einem Schreibtisch. Der Schlafraum verf\u00fcgt \u00fcber ein gro\u00dfes Sitz-Fenster mit franz\u00f6sischem Balkon.<\/p>\n<p><a href=\"https:\/\/www.appartement-lindenmuth.de\/wp-content\/uploads\/CityAppInventarliste6.pdf\">Inventar-Liste<\/a><\/p>\nngg_shortcode_0_placeholder\n<p>Buchungsanfragen bitte per Mail an:<a href=\"mailto:info@appartements-eberbach.de\"><br \/>\ninfo@appartements-eberbach.de<\/a><\/p>\n","protected":false},"excerpt":{"rendered":"<p>Das Appartement 1 hat einen direkten Terrassenzugang sowie ein Badezimmer mit Dusche\/WC. Die modern gestaltete Wohnk\u00fcche mit Mikrowelle, Sp\u00fclmaschine, Mini-Backofen etc. ist durch einen kleinen Flur vom Schlafraum getrennt. Das Schlafzimmer ist m\u00f6bliert mit einem Kleiderschrank, einem bequemen Boxspringbett sowie einem Schreibtisch. Der Schlafraum verf\u00fcgt \u00fcber ein gro\u00dfes Sitz-Fenster mit franz\u00f6sischem Balkon. Inventar-Liste Buchungsanfragen bitte [&hellip;]<\/p>\n","protected":false},"author":1,"featured_media":0,"parent":377,"menu_order":1,"comment_status":"closed","ping_status":"closed","template":"","meta":{"ngg_post_thumbnail":0,"footnotes":""},"class_list":["post-381","page","type-page","status-publish","hentry"],"_links":{"self":[{"href":"https:\/\/www.appartements-eberbach.de\/index.php?rest_route=\/wp\/v2\/pages\/381","targetHints":{"allow":["GET"]}}],"collection":[{"href":"https:\/\/www.appartements-eberbach.de\/index.php?rest_route=\/wp\/v2\/pages"}],"about":[{"href":"https:\/\/www.appartements-eberbach.de\/index.php?rest_route=\/wp\/v2\/types\/page"}],"author":[{"embeddable":true,"href":"https:\/\/www.appartements-eberbach.de\/index.php?rest_route=\/wp\/v2\/users\/1"}],"replies":[{"embeddable":true,"href":"https:\/\/www.appartements-eberbach.de\/index.php?rest_route=%2Fwp%2Fv2%2Fcomments&post=381"}],"version-history":[{"count":77,"href":"https:\/\/www.appartements-eberbach.de\/index.php?rest_route=\/wp\/v2\/pages\/381\/revisions"}],"predecessor-version":[{"id":1180,"href":"https:\/\/www.appartements-eberbach.de\/index.php?rest_route=\/wp\/v2\/pages\/381\/revisions\/1180"}],"up":[{"embeddable":true,"href":"https:\/\/www.appartements-eberbach.de\/index.php?rest_route=\/wp\/v2\/pages\/377"}],"wp:attachment":[{"href":"https:\/\/www.appartements-eberbach.de\/index.php?rest_route=%2Fwp%2Fv2%2Fmedia&parent=381"}],"curies":[{"name":"wp","href":"https:\/\/api.w.org\/{rel}","templated":true}]}}