{"id":436,"date":"2011-08-30T15:26:56","date_gmt":"2011-08-30T13:26:56","guid":{"rendered":"http:\/\/www.appartement-lindenmuth.de\/?page_id=436"},"modified":"2026-03-05T14:39:16","modified_gmt":"2026-03-05T12:39:16","slug":"appartement-2","status":"publish","type":"page","link":"https:\/\/www.appartements-eberbach.de\/?page_id=436","title":{"rendered":"Appartement 2 &#8211; belegt"},"content":{"rendered":"<p>Das Appartement 2 ist ein Wohn-Schlafraum und verf\u00fcgt \u00fcber 2 gro\u00dfe Sitz-Fenster mit franz\u00f6sischen Balkonen und einem Badezimmer mit Dusche\/WC. Die Terrasse ist \u00fcber den Flur erreichbar.<\/p>\n<p>Das Appartment ist ausgestattet mit einer modernen K\u00fcchenzeile inkl. Sp\u00fclmaschine, Mikrowelle, Mini-Backofen, etc. sowie einem Bistrotisch mit 2 Barhockern, einem Schreibtsich, einem Kleiderschrank und einem bequemen Boxspringbett.<\/p>\n<p><a href=\"https:\/\/www.appartement-lindenmuth.de\/wp-content\/uploads\/CityAppInventarliste5.pdf\">Inventar-Liste<\/a><\/p>\nngg_shortcode_0_placeholder\n<p>Buchungsanfragen bitte per Mail an:<a href=\"mailto:info@appartements-eberbach.de\"><br \/>info@appartements-eberbach.de<\/a><\/p>\n\n\n<p><\/p>\n","protected":false},"excerpt":{"rendered":"<p>Das Appartement 2 ist ein Wohn-Schlafraum und verf\u00fcgt \u00fcber 2 gro\u00dfe Sitz-Fenster mit franz\u00f6sischen Balkonen und einem Badezimmer mit Dusche\/WC. Die Terrasse ist \u00fcber den Flur erreichbar. Das Appartment ist ausgestattet mit einer modernen K\u00fcchenzeile inkl. Sp\u00fclmaschine, Mikrowelle, Mini-Backofen, etc. sowie einem Bistrotisch mit 2 Barhockern, einem Schreibtsich, einem Kleiderschrank und einem bequemen Boxspringbett. Inventar-Liste [&hellip;]<\/p>\n","protected":false},"author":2,"featured_media":0,"parent":377,"menu_order":2,"comment_status":"closed","ping_status":"closed","template":"","meta":{"ngg_post_thumbnail":0,"footnotes":""},"class_list":["post-436","page","type-page","status-publish","hentry"],"_links":{"self":[{"href":"https:\/\/www.appartements-eberbach.de\/index.php?rest_route=\/wp\/v2\/pages\/436","targetHints":{"allow":["GET"]}}],"collection":[{"href":"https:\/\/www.appartements-eberbach.de\/index.php?rest_route=\/wp\/v2\/pages"}],"about":[{"href":"https:\/\/www.appartements-eberbach.de\/index.php?rest_route=\/wp\/v2\/types\/page"}],"author":[{"embeddable":true,"href":"https:\/\/www.appartements-eberbach.de\/index.php?rest_route=\/wp\/v2\/users\/2"}],"replies":[{"embeddable":true,"href":"https:\/\/www.appartements-eberbach.de\/index.php?rest_route=%2Fwp%2Fv2%2Fcomments&post=436"}],"version-history":[{"count":93,"href":"https:\/\/www.appartements-eberbach.de\/index.php?rest_route=\/wp\/v2\/pages\/436\/revisions"}],"predecessor-version":[{"id":1268,"href":"https:\/\/www.appartements-eberbach.de\/index.php?rest_route=\/wp\/v2\/pages\/436\/revisions\/1268"}],"up":[{"embeddable":true,"href":"https:\/\/www.appartements-eberbach.de\/index.php?rest_route=\/wp\/v2\/pages\/377"}],"wp:attachment":[{"href":"https:\/\/www.appartements-eberbach.de\/index.php?rest_route=%2Fwp%2Fv2%2Fmedia&parent=436"}],"curies":[{"name":"wp","href":"https:\/\/api.w.org\/{rel}","templated":true}]}}