{"id":450,"date":"2011-08-30T16:08:51","date_gmt":"2011-08-30T14:08:51","guid":{"rendered":"http:\/\/www.appartement-lindenmuth.de\/?page_id=450"},"modified":"2023-07-19T10:55:34","modified_gmt":"2023-07-19T08:55:34","slug":"service","status":"publish","type":"page","link":"https:\/\/www.appartements-eberbach.de\/?page_id=450","title":{"rendered":"Service"},"content":{"rendered":"<div id=\"attachment_530\" style=\"width: 160px\" class=\"wp-caption alignnone\"><a href=\"https:\/\/www.appartement-lindenmuth.de\/wp-content\/uploads\/IMG_5913.jpg\" target=\"_blank\" rel=\"noopener\"><img loading=\"lazy\" decoding=\"async\" aria-describedby=\"caption-attachment-530\" class=\"size-thumbnail wp-image-530 \" title=\"IMG_5913\" src=\"https:\/\/www.appartement-lindenmuth.de\/wp-content\/uploads\/IMG_5913-150x150.jpg\" alt=\"\" width=\"150\" height=\"150\" \/><\/a><p id=\"caption-attachment-530\" class=\"wp-caption-text\">Waschmaschine und Trockner<\/p><\/div>\n<p>Auf Wunsch s\u00e4ubern wir Ihr Appartement auch w\u00e4hrend Ihres Aufenthaltes f\u00fcr 50,- \u20ac\u00a0 pro Reinigung.<\/p>\n<p>Waschmaschine, Tockner, Dampfb\u00fcgeleisen und B\u00fcgelbrett stehen im gemeinschaftlichen Waschraum im 2. OG zur Verf\u00fcgung<\/p>\n","protected":false},"excerpt":{"rendered":"<p>Auf Wunsch s\u00e4ubern wir Ihr Appartement auch w\u00e4hrend Ihres Aufenthaltes f\u00fcr 50,- \u20ac\u00a0 pro Reinigung. Waschmaschine, Tockner, Dampfb\u00fcgeleisen und B\u00fcgelbrett stehen im gemeinschaftlichen Waschraum im 2. OG zur Verf\u00fcgung<\/p>\n","protected":false},"author":1,"featured_media":0,"parent":377,"menu_order":3,"comment_status":"closed","ping_status":"closed","template":"","meta":{"ngg_post_thumbnail":0,"footnotes":""},"class_list":["post-450","page","type-page","status-publish","hentry"],"_links":{"self":[{"href":"https:\/\/www.appartements-eberbach.de\/index.php?rest_route=\/wp\/v2\/pages\/450","targetHints":{"allow":["GET"]}}],"collection":[{"href":"https:\/\/www.appartements-eberbach.de\/index.php?rest_route=\/wp\/v2\/pages"}],"about":[{"href":"https:\/\/www.appartements-eberbach.de\/index.php?rest_route=\/wp\/v2\/types\/page"}],"author":[{"embeddable":true,"href":"https:\/\/www.appartements-eberbach.de\/index.php?rest_route=\/wp\/v2\/users\/1"}],"replies":[{"embeddable":true,"href":"https:\/\/www.appartements-eberbach.de\/index.php?rest_route=%2Fwp%2Fv2%2Fcomments&post=450"}],"version-history":[{"count":13,"href":"https:\/\/www.appartements-eberbach.de\/index.php?rest_route=\/wp\/v2\/pages\/450\/revisions"}],"predecessor-version":[{"id":1160,"href":"https:\/\/www.appartements-eberbach.de\/index.php?rest_route=\/wp\/v2\/pages\/450\/revisions\/1160"}],"up":[{"embeddable":true,"href":"https:\/\/www.appartements-eberbach.de\/index.php?rest_route=\/wp\/v2\/pages\/377"}],"wp:attachment":[{"href":"https:\/\/www.appartements-eberbach.de\/index.php?rest_route=%2Fwp%2Fv2%2Fmedia&parent=450"}],"curies":[{"name":"wp","href":"https:\/\/api.w.org\/{rel}","templated":true}]}}