{"id":499,"date":"2012-01-13T14:44:08","date_gmt":"2012-01-13T12:44:08","guid":{"rendered":"http:\/\/www.appartement-lindenmuth.de\/?page_id=499"},"modified":"2025-08-13T19:23:45","modified_gmt":"2025-08-13T17:23:45","slug":"appartement-3","status":"publish","type":"page","link":"https:\/\/www.appartements-eberbach.de\/?page_id=499","title":{"rendered":"Appartement 3  &#8211; belegt"},"content":{"rendered":"<p>Das Appartement 3 befindet sich im II.OG und hat ein separates Schlafzimmer mit einem <a title=\"Ruf-Betten\" href=\"https:\/\/ruf-betten.de\" target=\"_blank\" rel=\"noopener noreferrer\">RUF<\/a>-Polsterbett und einem Kleiderschrank. Der gro\u00dfe Wohnbereich ist ausgestattet mit Couch und 2 Sesseln, Esstisch, offener K\u00fcche mit Sp\u00fclmaschine und einem Schreibtisch.<br \/>\nGro\u00dfe Gemeinschafts-Terrasse im I.OG.<br \/>\nngg_shortcode_0_placeholder<\/p>\n<p>Buchungsanfragen bitte per Mail an:<a href=\"mailto:info@appartements-eberbach.de\"><br \/>\ninfo@appartements-eberbach.de<\/a><\/p>\n","protected":false},"excerpt":{"rendered":"<p>Das Appartement 3 befindet sich im II.OG und hat ein separates Schlafzimmer mit einem RUF-Polsterbett und einem Kleiderschrank. Der gro\u00dfe Wohnbereich ist ausgestattet mit Couch und 2 Sesseln, Esstisch, offener K\u00fcche mit Sp\u00fclmaschine und einem Schreibtisch. Gro\u00dfe Gemeinschafts-Terrasse im I.OG. Buchungsanfragen bitte per Mail an: info@appartements-eberbach.de<\/p>\n","protected":false},"author":1,"featured_media":0,"parent":377,"menu_order":3,"comment_status":"closed","ping_status":"closed","template":"","meta":{"ngg_post_thumbnail":0,"footnotes":""},"class_list":["post-499","page","type-page","status-publish","hentry"],"_links":{"self":[{"href":"https:\/\/www.appartements-eberbach.de\/index.php?rest_route=\/wp\/v2\/pages\/499","targetHints":{"allow":["GET"]}}],"collection":[{"href":"https:\/\/www.appartements-eberbach.de\/index.php?rest_route=\/wp\/v2\/pages"}],"about":[{"href":"https:\/\/www.appartements-eberbach.de\/index.php?rest_route=\/wp\/v2\/types\/page"}],"author":[{"embeddable":true,"href":"https:\/\/www.appartements-eberbach.de\/index.php?rest_route=\/wp\/v2\/users\/1"}],"replies":[{"embeddable":true,"href":"https:\/\/www.appartements-eberbach.de\/index.php?rest_route=%2Fwp%2Fv2%2Fcomments&post=499"}],"version-history":[{"count":60,"href":"https:\/\/www.appartements-eberbach.de\/index.php?rest_route=\/wp\/v2\/pages\/499\/revisions"}],"predecessor-version":[{"id":1256,"href":"https:\/\/www.appartements-eberbach.de\/index.php?rest_route=\/wp\/v2\/pages\/499\/revisions\/1256"}],"up":[{"embeddable":true,"href":"https:\/\/www.appartements-eberbach.de\/index.php?rest_route=\/wp\/v2\/pages\/377"}],"wp:attachment":[{"href":"https:\/\/www.appartements-eberbach.de\/index.php?rest_route=%2Fwp%2Fv2%2Fmedia&parent=499"}],"curies":[{"name":"wp","href":"https:\/\/api.w.org\/{rel}","templated":true}]}}