{"id":502,"date":"2012-01-13T14:45:09","date_gmt":"2012-01-13T12:45:09","guid":{"rendered":"http:\/\/www.appartement-lindenmuth.de\/?page_id=502"},"modified":"2026-01-30T18:52:03","modified_gmt":"2026-01-30T16:52:03","slug":"appartement-4","status":"publish","type":"page","link":"https:\/\/www.appartements-eberbach.de\/?page_id=502","title":{"rendered":"Appartement 4 &#8211; belegt"},"content":{"rendered":"<p>Dachstudio im III. OG mit wundersch\u00f6nem Ausblick auf die&nbsp; <a title=\"St.-Johannes Nepomuk Kirche\" href=\"https:\/\/de.wikipedia.org\/wiki\/St._Johannes_Nepomuk_(Eberbach)\" target=\"_blank\" rel=\"noopener noreferrer\">St.-Johannes-Nepomuk-Kirche.<br \/>\n<\/a>Hell und modern gestalteter Wohn- Schlafraum mit offener K\u00fcche inkl. Sp\u00fclmaschine, Mikrowelle, Mini-Backofen etc., und kombiniertem Ess- bzw. Arbeitsbereich. Badezimmer mit Dusche und WC.<br \/>\nGro\u00dfe Gemeinschafts-Terrasse im I.OG.<\/p>\n<p><a title=\"St.-Johannes Nepomuk Kirche\" href=\"https:\/\/de.wikipedia.org\/wiki\/St._Johannes_Nepomuk_%28Eberbach%29%20\" target=\"_blank\" rel=\"noopener noreferrer\">ngg_shortcode_0_placeholder<\/a><\/p>\n<p>Buchungsanfragen bitte per Mail an:<a href=\"mailto:info@appartements-eberbach.de\"><br \/>\ninfo@appartements-eberbach.de<\/a><a title=\"St.-Johannes Nepomuk Kirche\" href=\"https:\/\/de.wikipedia.org\/wiki\/St._Johannes_Nepomuk_%28Eberbach%29%20\" target=\"_blank\" rel=\"noopener noreferrer\"><br \/>\n<\/a><\/p>\n","protected":false},"excerpt":{"rendered":"<p>Dachstudio im III. OG mit wundersch\u00f6nem Ausblick auf die&nbsp; St.-Johannes-Nepomuk-Kirche. Hell und modern gestalteter Wohn- Schlafraum mit offener K\u00fcche inkl. Sp\u00fclmaschine, Mikrowelle, Mini-Backofen etc., und kombiniertem Ess- bzw. Arbeitsbereich. Badezimmer mit Dusche und WC. Gro\u00dfe Gemeinschafts-Terrasse im I.OG. Buchungsanfragen bitte per Mail an: info@appartements-eberbach.de<\/p>\n","protected":false},"author":1,"featured_media":0,"parent":377,"menu_order":3,"comment_status":"closed","ping_status":"closed","template":"","meta":{"ngg_post_thumbnail":0,"footnotes":""},"class_list":["post-502","page","type-page","status-publish","hentry"],"_links":{"self":[{"href":"https:\/\/www.appartements-eberbach.de\/index.php?rest_route=\/wp\/v2\/pages\/502","targetHints":{"allow":["GET"]}}],"collection":[{"href":"https:\/\/www.appartements-eberbach.de\/index.php?rest_route=\/wp\/v2\/pages"}],"about":[{"href":"https:\/\/www.appartements-eberbach.de\/index.php?rest_route=\/wp\/v2\/types\/page"}],"author":[{"embeddable":true,"href":"https:\/\/www.appartements-eberbach.de\/index.php?rest_route=\/wp\/v2\/users\/1"}],"replies":[{"embeddable":true,"href":"https:\/\/www.appartements-eberbach.de\/index.php?rest_route=%2Fwp%2Fv2%2Fcomments&post=502"}],"version-history":[{"count":69,"href":"https:\/\/www.appartements-eberbach.de\/index.php?rest_route=\/wp\/v2\/pages\/502\/revisions"}],"predecessor-version":[{"id":1265,"href":"https:\/\/www.appartements-eberbach.de\/index.php?rest_route=\/wp\/v2\/pages\/502\/revisions\/1265"}],"up":[{"embeddable":true,"href":"https:\/\/www.appartements-eberbach.de\/index.php?rest_route=\/wp\/v2\/pages\/377"}],"wp:attachment":[{"href":"https:\/\/www.appartements-eberbach.de\/index.php?rest_route=%2Fwp%2Fv2%2Fmedia&parent=502"}],"curies":[{"name":"wp","href":"https:\/\/api.w.org\/{rel}","templated":true}]}}